{"id":9243,"date":"2020-11-16T17:09:44","date_gmt":"2020-11-16T17:09:44","guid":{"rendered":"https:\/\/full-bestattungshilfe.de\/?page_id=9243"},"modified":"2020-12-21T09:38:40","modified_gmt":"2020-12-21T09:38:40","slug":"uyelik-formu","status":"publish","type":"page","link":"https:\/\/full-bestattungshilfe.de\/tr\/uyelik-formu\/","title":{"rendered":"\u00dcyelik Formu"},"content":{"rendered":"\t\t<div data-elementor-type=\"wp-page\" data-elementor-id=\"9243\" class=\"elementor elementor-9243\" data-elementor-post-type=\"page\">\n\t\t\t\t\t\t<section class=\"elementor-section elementor-top-section elementor-element elementor-element-fa6ebf1 elementor-section-boxed elementor-section-height-default elementor-section-height-default\" data-id=\"fa6ebf1\" data-element_type=\"section\">\n\t\t\t\t\t\t<div class=\"elementor-container elementor-column-gap-default\">\n\t\t\t\t\t<div class=\"elementor-column elementor-col-100 elementor-top-column elementor-element elementor-element-f44cc90\" data-id=\"f44cc90\" data-element_type=\"column\">\n\t\t\t<div class=\"elementor-widget-wrap elementor-element-populated\">\n\t\t\t\t\t\t<div class=\"elementor-element elementor-element-ab5d314 elementor-widget elementor-widget-heading\" data-id=\"ab5d314\" data-element_type=\"widget\" data-widget_type=\"heading.default\">\n\t\t\t\t<div class=\"elementor-widget-container\">\n\t\t\t\t\t<h2 class=\"elementor-heading-title elementor-size-default\">\u00dcYEL\u0130K FORMU<\/h2>\t\t\t\t<\/div>\n\t\t\t\t<\/div>\n\t\t\t\t<div class=\"elementor-element elementor-element-d4f1d91 elementor-widget-divider--view-line elementor-widget elementor-widget-divider\" data-id=\"d4f1d91\" data-element_type=\"widget\" data-widget_type=\"divider.default\">\n\t\t\t\t<div class=\"elementor-widget-container\">\n\t\t\t\t\t\t\t<div class=\"elementor-divider\">\n\t\t\t<span class=\"elementor-divider-separator\">\n\t\t\t\t\t\t<\/span>\n\t\t<\/div>\n\t\t\t\t\t\t<\/div>\n\t\t\t\t<\/div>\n\t\t\t\t\t<\/div>\n\t\t<\/div>\n\t\t\t\t\t<\/div>\n\t\t<\/section>\n\t\t\t\t<section class=\"elementor-section elementor-top-section elementor-element elementor-element-7979a80 elementor-section-boxed elementor-section-height-default elementor-section-height-default\" data-id=\"7979a80\" data-element_type=\"section\">\n\t\t\t\t\t\t<div class=\"elementor-container elementor-column-gap-default\">\n\t\t\t\t\t<div class=\"elementor-column elementor-col-100 elementor-top-column elementor-element elementor-element-729c9b1\" data-id=\"729c9b1\" data-element_type=\"column\">\n\t\t\t<div class=\"elementor-widget-wrap elementor-element-populated\">\n\t\t\t\t\t\t<div class=\"elementor-element elementor-element-fa4a33e elementor-widget elementor-widget-text-editor\" data-id=\"fa4a33e\" data-element_type=\"widget\" data-widget_type=\"text-editor.default\">\n\t\t\t\t<div class=\"elementor-widget-container\">\n\t\t\t\t\t\t\t\t\t<p>\u00dcye olmak i\u00e7in a\u015fa\u011f\u0131daki formu indirip gerekli b\u00f6l\u00fcmleri doldurduktan sonra imzalayarak <a href=\"mailto:info@full-bestattungshilfe.de\">info@full-bestattungshilfe.de<\/a> e-mail adresine g\u00f6ndermeniz gerekmektedir.<\/p>\t\t\t\t\t\t\t\t<\/div>\n\t\t\t\t<\/div>\n\t\t\t\t<div class=\"elementor-element elementor-element-5ddcd1a elementor-button-info elementor-align-left elementor-widget elementor-widget-button\" data-id=\"5ddcd1a\" data-element_type=\"widget\" data-widget_type=\"button.default\">\n\t\t\t\t<div class=\"elementor-widget-container\">\n\t\t\t\t\t\t\t\t\t<div class=\"elementor-button-wrapper\">\n\t\t\t\t\t<a class=\"elementor-button elementor-button-link elementor-size-xl\" href=\"https:\/\/full-bestattungshilfe.de\/wp-content\/uploads\/2020\/12\/tu\u0308rkce-formular-1neu.pdf\">\n\t\t\t\t\t\t<span class=\"elementor-button-content-wrapper\">\n\t\t\t\t\t\t<span class=\"elementor-button-icon\">\n\t\t\t\t<i aria-hidden=\"true\" class=\"fas fa-file-pdf\"><\/i>\t\t\t<\/span>\n\t\t\t\t\t\t\t\t\t<span class=\"elementor-button-text\">\u0130ndirmek i\u00e7in t\u0131klay\u0131n!<\/span>\n\t\t\t\t\t<\/span>\n\t\t\t\t\t<\/a>\n\t\t\t\t<\/div>\n\t\t\t\t\t\t\t\t<\/div>\n\t\t\t\t<\/div>\n\t\t\t\t\t<\/div>\n\t\t<\/div>\n\t\t\t\t\t<\/div>\n\t\t<\/section>\n\t\t\t\t<\/div>\n\t\t","protected":false},"excerpt":{"rendered":"<p>\u00dcYEL\u0130K FORMU \u00dcye olmak i\u00e7in a\u015fa\u011f\u0131daki formu indirip gerekli b\u00f6l\u00fcmleri doldurduktan sonra imzalayarak info@full-bestattungshilfe.de e-mail adresine g\u00f6ndermeniz gerekmektedir. \u0130ndirmek i\u00e7in t\u0131klay\u0131n!<\/p>\n","protected":false},"author":3,"featured_media":0,"parent":0,"menu_order":0,"comment_status":"closed","ping_status":"closed","template":"","meta":{"footnotes":""},"class_list":["post-9243","page","type-page","status-publish","hentry"],"_links":{"self":[{"href":"https:\/\/full-bestattungshilfe.de\/tr\/wp-json\/wp\/v2\/pages\/9243","targetHints":{"allow":["GET"]}}],"collection":[{"href":"https:\/\/full-bestattungshilfe.de\/tr\/wp-json\/wp\/v2\/pages"}],"about":[{"href":"https:\/\/full-bestattungshilfe.de\/tr\/wp-json\/wp\/v2\/types\/page"}],"author":[{"embeddable":true,"href":"https:\/\/full-bestattungshilfe.de\/tr\/wp-json\/wp\/v2\/users\/3"}],"replies":[{"embeddable":true,"href":"https:\/\/full-bestattungshilfe.de\/tr\/wp-json\/wp\/v2\/comments?post=9243"}],"version-history":[{"count":0,"href":"https:\/\/full-bestattungshilfe.de\/tr\/wp-json\/wp\/v2\/pages\/9243\/revisions"}],"wp:attachment":[{"href":"https:\/\/full-bestattungshilfe.de\/tr\/wp-json\/wp\/v2\/media?parent=9243"}],"curies":[{"name":"wp","href":"https:\/\/api.w.org\/{rel}","templated":true}]}}