{"id":9205,"date":"2020-10-24T14:05:19","date_gmt":"2020-10-24T14:05:19","guid":{"rendered":"https:\/\/full-bestattungshilfe.de\/?page_id=9205"},"modified":"2023-11-15T16:03:04","modified_gmt":"2023-11-15T15:03:04","slug":"adres-degisikligi","status":"publish","type":"page","link":"https:\/\/full-bestattungshilfe.de\/tr\/adres-degisikligi\/","title":{"rendered":"Adres De\u011fi\u015fikli\u011fi"},"content":{"rendered":"\t\t<div data-elementor-type=\"wp-page\" data-elementor-id=\"9205\" class=\"elementor elementor-9205\" data-elementor-post-type=\"page\">\n\t\t\t\t\t\t<section class=\"elementor-section elementor-top-section elementor-element elementor-element-6dc5e7f elementor-section-boxed elementor-section-height-default elementor-section-height-default\" data-id=\"6dc5e7f\" data-element_type=\"section\" data-e-type=\"section\">\n\t\t\t\t\t\t<div class=\"elementor-container elementor-column-gap-default\">\n\t\t\t\t\t<div class=\"elementor-column elementor-col-100 elementor-top-column elementor-element elementor-element-bcd4676\" data-id=\"bcd4676\" data-element_type=\"column\" data-e-type=\"column\">\n\t\t\t<div class=\"elementor-widget-wrap elementor-element-populated\">\n\t\t\t\t\t\t<div class=\"elementor-element elementor-element-74e0b34 elementor-widget elementor-widget-heading\" data-id=\"74e0b34\" data-element_type=\"widget\" data-e-type=\"widget\" data-widget_type=\"heading.default\">\n\t\t\t\t<div class=\"elementor-widget-container\">\n\t\t\t\t\t<h2 class=\"elementor-heading-title elementor-size-default\">ADRES DE\u011e\u0130\u015e\u0130KL\u0130\u011e\u0130<\/h2>\t\t\t\t<\/div>\n\t\t\t\t<\/div>\n\t\t\t\t<div class=\"elementor-element elementor-element-5915992 elementor-widget-divider--view-line elementor-widget elementor-widget-divider\" data-id=\"5915992\" data-element_type=\"widget\" data-e-type=\"widget\" data-widget_type=\"divider.default\">\n\t\t\t\t<div class=\"elementor-widget-container\">\n\t\t\t\t\t\t\t<div class=\"elementor-divider\">\n\t\t\t<span class=\"elementor-divider-separator\">\n\t\t\t\t\t\t<\/span>\n\t\t<\/div>\n\t\t\t\t\t\t<\/div>\n\t\t\t\t<\/div>\n\t\t\t\t\t<\/div>\n\t\t<\/div>\n\t\t\t\t\t<\/div>\n\t\t<\/section>\n\t\t\t\t<section class=\"elementor-section elementor-top-section elementor-element elementor-element-69361c8 elementor-section-boxed elementor-section-height-default elementor-section-height-default\" data-id=\"69361c8\" data-element_type=\"section\" data-e-type=\"section\">\n\t\t\t\t\t\t<div class=\"elementor-container elementor-column-gap-default\">\n\t\t\t\t\t<div class=\"elementor-column elementor-col-100 elementor-top-column elementor-element elementor-element-a4103f2\" data-id=\"a4103f2\" data-element_type=\"column\" data-e-type=\"column\">\n\t\t\t<div class=\"elementor-widget-wrap elementor-element-populated\">\n\t\t\t\t\t\t<div class=\"elementor-element elementor-element-d1ca8ff elementor-widget elementor-widget-text-editor\" data-id=\"d1ca8ff\" data-element_type=\"widget\" data-e-type=\"widget\" data-widget_type=\"text-editor.default\">\n\t\t\t\t<div class=\"elementor-widget-container\">\n\t\t\t\t\t\t\t\t\t<p>Adres de\u011fi\u015fikli\u011fi i\u00e7in a\u015fa\u011f\u0131daki formu indirip gerekli b\u00f6l\u00fcmleri doldurduktan sonra imzalayarak <a href=\"mailto:info@full-bestattungshilfe.de\">info@full-bestattungshilfe.de<\/a> e-mail adresine g\u00f6ndermeniz gerekmektedir.<\/p>\t\t\t\t\t\t\t\t<\/div>\n\t\t\t\t<\/div>\n\t\t\t\t<div class=\"elementor-element elementor-element-d391c48 elementor-button-info elementor-align-left elementor-widget elementor-widget-button\" data-id=\"d391c48\" data-element_type=\"widget\" data-e-type=\"widget\" data-widget_type=\"button.default\">\n\t\t\t\t<div class=\"elementor-widget-container\">\n\t\t\t\t\t\t\t\t\t<div class=\"elementor-button-wrapper\">\n\t\t\t\t\t<a class=\"elementor-button elementor-button-link elementor-size-xl\" href=\"https:\/\/full-bestattungshilfe.de\/wp-content\/uploads\/2020\/10\/adres1.pdf\">\n\t\t\t\t\t\t<span class=\"elementor-button-content-wrapper\">\n\t\t\t\t\t\t<span class=\"elementor-button-icon\">\n\t\t\t\t<i aria-hidden=\"true\" class=\"fas fa-file-pdf\"><\/i>\t\t\t<\/span>\n\t\t\t\t\t\t\t\t\t<span class=\"elementor-button-text\">\u0130ndirmek i\u00e7in t\u0131klay\u0131n!<\/span>\n\t\t\t\t\t<\/span>\n\t\t\t\t\t<\/a>\n\t\t\t\t<\/div>\n\t\t\t\t\t\t\t\t<\/div>\n\t\t\t\t<\/div>\n\t\t\t\t\t<\/div>\n\t\t<\/div>\n\t\t\t\t\t<\/div>\n\t\t<\/section>\n\t\t\t\t<\/div>\n\t\t","protected":false},"excerpt":{"rendered":"<p>ADRES DE\u011e\u0130\u015e\u0130KL\u0130\u011e\u0130 Adres de\u011fi\u015fikli\u011fi i\u00e7in a\u015fa\u011f\u0131daki formu indirip gerekli b\u00f6l\u00fcmleri doldurduktan sonra imzalayarak info@full-bestattungshilfe.de e-mail adresine g\u00f6ndermeniz gerekmektedir. \u0130ndirmek i\u00e7in t\u0131klay\u0131n!<\/p>\n","protected":false},"author":3,"featured_media":0,"parent":0,"menu_order":0,"comment_status":"closed","ping_status":"closed","template":"","meta":{"footnotes":""},"class_list":["post-9205","page","type-page","status-publish","hentry"],"_links":{"self":[{"href":"https:\/\/full-bestattungshilfe.de\/tr\/wp-json\/wp\/v2\/pages\/9205","targetHints":{"allow":["GET"]}}],"collection":[{"href":"https:\/\/full-bestattungshilfe.de\/tr\/wp-json\/wp\/v2\/pages"}],"about":[{"href":"https:\/\/full-bestattungshilfe.de\/tr\/wp-json\/wp\/v2\/types\/page"}],"author":[{"embeddable":true,"href":"https:\/\/full-bestattungshilfe.de\/tr\/wp-json\/wp\/v2\/users\/3"}],"replies":[{"embeddable":true,"href":"https:\/\/full-bestattungshilfe.de\/tr\/wp-json\/wp\/v2\/comments?post=9205"}],"version-history":[{"count":0,"href":"https:\/\/full-bestattungshilfe.de\/tr\/wp-json\/wp\/v2\/pages\/9205\/revisions"}],"wp:attachment":[{"href":"https:\/\/full-bestattungshilfe.de\/tr\/wp-json\/wp\/v2\/media?parent=9205"}],"curies":[{"name":"wp","href":"https:\/\/api.w.org\/{rel}","templated":true}]}}